{"id":883,"date":"2025-11-27T20:57:16","date_gmt":"2025-11-27T20:57:16","guid":{"rendered":"https:\/\/albedidactis.com\/wordpress\/?post_type=product&#038;p=883"},"modified":"2025-12-15T13:45:42","modified_gmt":"2025-12-15T13:45:42","slug":"concentrense-2","status":"publish","type":"product","link":"https:\/\/albedidactis.com\/wordpress\/index.php\/product\/concentrense-2\/","title":{"rendered":"Ordenando n\u00fameros"},"content":{"rendered":"<p><span style=\"color: #ffffff;\">Este juego es un tipo rompecabezas matem\u00e1tico que fortalece el pensamiento l\u00f3gico, la concentraci\u00f3n y el aprendizaje num\u00e9rico de forma l\u00fadica.<\/span><\/p>\n","protected":false},"excerpt":{"rendered":"<p>Este juego es un tipo rompecabezas matem\u00e1tico que fortalece el pensamiento l\u00f3gico, la concentraci\u00f3n y el aprendizaje num\u00e9rico de forma l\u00fadica.<\/p>\n","protected":false},"featured_media":865,"comment_status":"open","ping_status":"closed","template":"","meta":[],"product_brand":[],"product_cat":[15],"product_tag":[],"class_list":{"0":"post-883","1":"product","2":"type-product","3":"status-publish","4":"has-post-thumbnail","6":"product_cat-juegos-de-aprendizaje","8":"first","9":"instock","10":"shipping-taxable","11":"product-type-simple"},"_links":{"self":[{"href":"https:\/\/albedidactis.com\/wordpress\/index.php\/wp-json\/wp\/v2\/product\/883","targetHints":{"allow":["GET"]}}],"collection":[{"href":"https:\/\/albedidactis.com\/wordpress\/index.php\/wp-json\/wp\/v2\/product"}],"about":[{"href":"https:\/\/albedidactis.com\/wordpress\/index.php\/wp-json\/wp\/v2\/types\/product"}],"replies":[{"embeddable":true,"href":"https:\/\/albedidactis.com\/wordpress\/index.php\/wp-json\/wp\/v2\/comments?post=883"}],"wp:featuredmedia":[{"embeddable":true,"href":"https:\/\/albedidactis.com\/wordpress\/index.php\/wp-json\/wp\/v2\/media\/865"}],"wp:attachment":[{"href":"https:\/\/albedidactis.com\/wordpress\/index.php\/wp-json\/wp\/v2\/media?parent=883"}],"wp:term":[{"taxonomy":"product_brand","embeddable":true,"href":"https:\/\/albedidactis.com\/wordpress\/index.php\/wp-json\/wp\/v2\/product_brand?post=883"},{"taxonomy":"product_cat","embeddable":true,"href":"https:\/\/albedidactis.com\/wordpress\/index.php\/wp-json\/wp\/v2\/product_cat?post=883"},{"taxonomy":"product_tag","embeddable":true,"href":"https:\/\/albedidactis.com\/wordpress\/index.php\/wp-json\/wp\/v2\/product_tag?post=883"}],"curies":[{"name":"wp","href":"https:\/\/api.w.org\/{rel}","templated":true}]}}