{"id":882,"date":"2025-11-27T20:55:12","date_gmt":"2025-11-27T20:55:12","guid":{"rendered":"https:\/\/albedidactis.com\/wordpress\/?post_type=product&#038;p=882"},"modified":"2026-01-20T22:06:48","modified_gmt":"2026-01-20T22:06:48","slug":"el-cuerpo-y-sus-organos","status":"publish","type":"product","link":"https:\/\/albedidactis.com\/wordpress\/index.php\/product\/el-cuerpo-y-sus-organos\/","title":{"rendered":"El cuerpo y sus \u00f3rganos"},"content":{"rendered":"<p><span style=\"color: #ffffff;\">Rompecabezas educativo del <strong data-start=\"27\" data-end=\"58\">cuerpo humano y sus \u00f3rganos<\/strong>, dise\u00f1ado para que los ni\u00f1os identifiquen y comprendan las partes del cuerpo de manera visual, did\u00e1ctica y divertida.<\/span><\/p>\n","protected":false},"excerpt":{"rendered":"<p>Rompecabezas educativo del cuerpo humano y sus \u00f3rganos, dise\u00f1ado para que los ni\u00f1os identifiquen y comprendan las partes del cuerpo de manera visual, did\u00e1ctica y divertida.<\/p>\n","protected":false},"featured_media":1264,"comment_status":"open","ping_status":"closed","template":"","meta":[],"product_brand":[],"product_cat":[32],"product_tag":[],"class_list":{"0":"post-882","1":"product","2":"type-product","3":"status-publish","4":"has-post-thumbnail","6":"product_cat-rompecabezas","8":"first","9":"instock","10":"shipping-taxable","11":"product-type-simple"},"_links":{"self":[{"href":"https:\/\/albedidactis.com\/wordpress\/index.php\/wp-json\/wp\/v2\/product\/882","targetHints":{"allow":["GET"]}}],"collection":[{"href":"https:\/\/albedidactis.com\/wordpress\/index.php\/wp-json\/wp\/v2\/product"}],"about":[{"href":"https:\/\/albedidactis.com\/wordpress\/index.php\/wp-json\/wp\/v2\/types\/product"}],"replies":[{"embeddable":true,"href":"https:\/\/albedidactis.com\/wordpress\/index.php\/wp-json\/wp\/v2\/comments?post=882"}],"wp:featuredmedia":[{"embeddable":true,"href":"https:\/\/albedidactis.com\/wordpress\/index.php\/wp-json\/wp\/v2\/media\/1264"}],"wp:attachment":[{"href":"https:\/\/albedidactis.com\/wordpress\/index.php\/wp-json\/wp\/v2\/media?parent=882"}],"wp:term":[{"taxonomy":"product_brand","embeddable":true,"href":"https:\/\/albedidactis.com\/wordpress\/index.php\/wp-json\/wp\/v2\/product_brand?post=882"},{"taxonomy":"product_cat","embeddable":true,"href":"https:\/\/albedidactis.com\/wordpress\/index.php\/wp-json\/wp\/v2\/product_cat?post=882"},{"taxonomy":"product_tag","embeddable":true,"href":"https:\/\/albedidactis.com\/wordpress\/index.php\/wp-json\/wp\/v2\/product_tag?post=882"}],"curies":[{"name":"wp","href":"https:\/\/api.w.org\/{rel}","templated":true}]}}