{"id":593,"date":"2021-04-14T11:25:10","date_gmt":"2021-04-14T11:25:10","guid":{"rendered":"https:\/\/startersites.io\/blocksy\/homi\/?post_type=product&#038;p=593"},"modified":"2026-01-20T22:16:48","modified_gmt":"2026-01-20T22:16:48","slug":"tallest-chair","status":"publish","type":"product","link":"https:\/\/albedidactis.com\/wordpress\/index.php\/product\/tallest-chair\/","title":{"rendered":"Posicionales tablas de centenas, decenas, unidades"},"content":{"rendered":"<p><img loading=\"lazy\" decoding=\"async\" class=\"alignleft wp-image-1064 size-thumbnail\" src=\"https:\/\/albedidactis.com\/wordpress\/wp-content\/uploads\/2025\/12\/logo-aprendo-jugando-1-150x150.png\" alt=\"\" width=\"150\" height=\"150\" srcset=\"https:\/\/albedidactis.com\/wordpress\/wp-content\/uploads\/2025\/12\/logo-aprendo-jugando-1-150x150.png 150w, https:\/\/albedidactis.com\/wordpress\/wp-content\/uploads\/2025\/12\/logo-aprendo-jugando-1-300x300.png 300w, https:\/\/albedidactis.com\/wordpress\/wp-content\/uploads\/2025\/12\/logo-aprendo-jugando-1-100x100.png 100w\" sizes=\"auto, (max-width: 150px) 100vw, 150px\" \/><span style=\"color: #ffffff;\">Este es un juego de actividad did\u00e1ctica en la que los jugadores forman o comparan n\u00fameros usando bloques, que representan <strong data-start=\"185\" data-end=\"203\">centenas (100)<\/strong>, <strong data-start=\"205\" data-end=\"221\">decenas (10)<\/strong> y <strong data-start=\"224\" data-end=\"240\">unidades (1)<\/strong>.<\/span><br data-start=\"241\" data-end=\"244\" \/><span style=\"color: #ffffff;\">Su objetivo es ayudar a comprender el <strong data-start=\"282\" data-end=\"302\">valor posicional<\/strong> de los n\u00fameros de manera l\u00fadica y pr\u00e1ctica<\/span><\/p>\n","protected":false},"excerpt":{"rendered":"<p>Este es un juego de actividad did\u00e1ctica en la que los jugadores forman o comparan n\u00fameros usando bloques, que representan centenas (100), decenas (10) y unidades (1).Su objetivo es ayudar a comprender el valor posicional de los n\u00fameros de manera l\u00fadica y pr\u00e1ctica<\/p>\n","protected":false},"featured_media":793,"comment_status":"closed","ping_status":"closed","template":"","meta":[],"product_brand":[],"product_cat":[15],"product_tag":[],"class_list":{"0":"post-593","1":"product","2":"type-product","3":"status-publish","4":"has-post-thumbnail","6":"product_cat-juegos-de-aprendizaje","8":"first","9":"instock","10":"shipping-taxable","11":"product-type-simple"},"_links":{"self":[{"href":"https:\/\/albedidactis.com\/wordpress\/index.php\/wp-json\/wp\/v2\/product\/593","targetHints":{"allow":["GET"]}}],"collection":[{"href":"https:\/\/albedidactis.com\/wordpress\/index.php\/wp-json\/wp\/v2\/product"}],"about":[{"href":"https:\/\/albedidactis.com\/wordpress\/index.php\/wp-json\/wp\/v2\/types\/product"}],"replies":[{"embeddable":true,"href":"https:\/\/albedidactis.com\/wordpress\/index.php\/wp-json\/wp\/v2\/comments?post=593"}],"wp:featuredmedia":[{"embeddable":true,"href":"https:\/\/albedidactis.com\/wordpress\/index.php\/wp-json\/wp\/v2\/media\/793"}],"wp:attachment":[{"href":"https:\/\/albedidactis.com\/wordpress\/index.php\/wp-json\/wp\/v2\/media?parent=593"}],"wp:term":[{"taxonomy":"product_brand","embeddable":true,"href":"https:\/\/albedidactis.com\/wordpress\/index.php\/wp-json\/wp\/v2\/product_brand?post=593"},{"taxonomy":"product_cat","embeddable":true,"href":"https:\/\/albedidactis.com\/wordpress\/index.php\/wp-json\/wp\/v2\/product_cat?post=593"},{"taxonomy":"product_tag","embeddable":true,"href":"https:\/\/albedidactis.com\/wordpress\/index.php\/wp-json\/wp\/v2\/product_tag?post=593"}],"curies":[{"name":"wp","href":"https:\/\/api.w.org\/{rel}","templated":true}]}}