{"id":1516,"date":"2025-12-22T14:33:33","date_gmt":"2025-12-22T14:33:33","guid":{"rendered":"https:\/\/albedidactis.com\/wordpress\/?post_type=product&#038;p=1516"},"modified":"2026-01-13T17:54:51","modified_gmt":"2026-01-13T17:54:51","slug":"construyendo-figuras-jumbo","status":"publish","type":"product","link":"https:\/\/albedidactis.com\/wordpress\/index.php\/product\/construyendo-figuras-jumbo\/","title":{"rendered":"Construyendo figuras Jumbo 50&#215;25 cm"},"content":{"rendered":"<p><img loading=\"lazy\" decoding=\"async\" class=\"alignleft wp-image-1044 size-thumbnail\" src=\"https:\/\/albedidactis.com\/wordpress\/wp-content\/uploads\/2025\/12\/logo-aprendo-jugando-150x150.png\" alt=\"\" width=\"150\" height=\"150\" srcset=\"https:\/\/albedidactis.com\/wordpress\/wp-content\/uploads\/2025\/12\/logo-aprendo-jugando-150x150.png 150w, https:\/\/albedidactis.com\/wordpress\/wp-content\/uploads\/2025\/12\/logo-aprendo-jugando-300x300.png 300w, https:\/\/albedidactis.com\/wordpress\/wp-content\/uploads\/2025\/12\/logo-aprendo-jugando-100x100.png 100w\" sizes=\"auto, (max-width: 150px) 100vw, 150px\" \/><span style=\"color: #ffffff;\"><strong data-start=\"0\" data-end=\"27\" data-is-only-node=\"\">Construye figuras tama\u00f1o jumbo con\u00a0 material de 50 x25 cm:<\/strong>\u00a0material did\u00e1ctico que estimula la creatividad, la imaginaci\u00f3n y el pensamiento espacial mediante la construcci\u00f3n de figuras.<\/span><\/p>\n","protected":false},"excerpt":{"rendered":"<p>Construye figuras tama\u00f1o jumbo con\u00a0 material de 50 x25 cm:\u00a0material did\u00e1ctico que estimula la creatividad, la imaginaci\u00f3n y el pensamiento espacial mediante la construcci\u00f3n de figuras.<\/p>\n","protected":false},"featured_media":1510,"comment_status":"open","ping_status":"closed","template":"","meta":[],"product_brand":[],"product_cat":[15],"product_tag":[],"class_list":{"0":"post-1516","1":"product","2":"type-product","3":"status-publish","4":"has-post-thumbnail","6":"product_cat-juegos-de-aprendizaje","8":"first","9":"instock","10":"shipping-taxable","11":"product-type-simple"},"_links":{"self":[{"href":"https:\/\/albedidactis.com\/wordpress\/index.php\/wp-json\/wp\/v2\/product\/1516","targetHints":{"allow":["GET"]}}],"collection":[{"href":"https:\/\/albedidactis.com\/wordpress\/index.php\/wp-json\/wp\/v2\/product"}],"about":[{"href":"https:\/\/albedidactis.com\/wordpress\/index.php\/wp-json\/wp\/v2\/types\/product"}],"replies":[{"embeddable":true,"href":"https:\/\/albedidactis.com\/wordpress\/index.php\/wp-json\/wp\/v2\/comments?post=1516"}],"wp:featuredmedia":[{"embeddable":true,"href":"https:\/\/albedidactis.com\/wordpress\/index.php\/wp-json\/wp\/v2\/media\/1510"}],"wp:attachment":[{"href":"https:\/\/albedidactis.com\/wordpress\/index.php\/wp-json\/wp\/v2\/media?parent=1516"}],"wp:term":[{"taxonomy":"product_brand","embeddable":true,"href":"https:\/\/albedidactis.com\/wordpress\/index.php\/wp-json\/wp\/v2\/product_brand?post=1516"},{"taxonomy":"product_cat","embeddable":true,"href":"https:\/\/albedidactis.com\/wordpress\/index.php\/wp-json\/wp\/v2\/product_cat?post=1516"},{"taxonomy":"product_tag","embeddable":true,"href":"https:\/\/albedidactis.com\/wordpress\/index.php\/wp-json\/wp\/v2\/product_tag?post=1516"}],"curies":[{"name":"wp","href":"https:\/\/api.w.org\/{rel}","templated":true}]}}