{"id":1476,"date":"2025-12-19T02:11:26","date_gmt":"2025-12-19T02:11:26","guid":{"rendered":"https:\/\/albedidactis.com\/wordpress\/?post_type=product&#038;p=1476"},"modified":"2026-01-13T17:57:07","modified_gmt":"2026-01-13T17:57:07","slug":"atinale-a-la-figura","status":"publish","type":"product","link":"https:\/\/albedidactis.com\/wordpress\/index.php\/product\/atinale-a-la-figura\/","title":{"rendered":"At\u00ednale a la figura"},"content":{"rendered":"<p><img loading=\"lazy\" decoding=\"async\" class=\"alignleft wp-image-1064 size-thumbnail\" src=\"https:\/\/albedidactis.com\/wordpress\/wp-content\/uploads\/2025\/12\/logo-aprendo-jugando-1-150x150.png\" alt=\"\" width=\"150\" height=\"150\" srcset=\"https:\/\/albedidactis.com\/wordpress\/wp-content\/uploads\/2025\/12\/logo-aprendo-jugando-1-150x150.png 150w, https:\/\/albedidactis.com\/wordpress\/wp-content\/uploads\/2025\/12\/logo-aprendo-jugando-1-300x300.png 300w, https:\/\/albedidactis.com\/wordpress\/wp-content\/uploads\/2025\/12\/logo-aprendo-jugando-1-100x100.png 100w\" sizes=\"auto, (max-width: 150px) 100vw, 150px\" \/><span style=\"color: #ffffff;\">juego divertido donde los ni\u00f1os lanzan pelotas para <strong data-start=\"80\" data-end=\"103\">acertar al objetivo<\/strong>, desarrollando <strong data-start=\"119\" data-end=\"162\">coordinaci\u00f3n, concentraci\u00f3n y precisi\u00f3n<\/strong> mientras se divierten<\/span><\/p>\n","protected":false},"excerpt":{"rendered":"<p>juego divertido donde los ni\u00f1os lanzan pelotas para acertar al objetivo, desarrollando coordinaci\u00f3n, concentraci\u00f3n y precisi\u00f3n mientras se divierten<\/p>\n","protected":false},"featured_media":1477,"comment_status":"open","ping_status":"closed","template":"","meta":[],"product_brand":[],"product_cat":[15],"product_tag":[],"class_list":{"0":"post-1476","1":"product","2":"type-product","3":"status-publish","4":"has-post-thumbnail","6":"product_cat-juegos-de-aprendizaje","8":"first","9":"instock","10":"shipping-taxable","11":"product-type-simple"},"_links":{"self":[{"href":"https:\/\/albedidactis.com\/wordpress\/index.php\/wp-json\/wp\/v2\/product\/1476","targetHints":{"allow":["GET"]}}],"collection":[{"href":"https:\/\/albedidactis.com\/wordpress\/index.php\/wp-json\/wp\/v2\/product"}],"about":[{"href":"https:\/\/albedidactis.com\/wordpress\/index.php\/wp-json\/wp\/v2\/types\/product"}],"replies":[{"embeddable":true,"href":"https:\/\/albedidactis.com\/wordpress\/index.php\/wp-json\/wp\/v2\/comments?post=1476"}],"wp:featuredmedia":[{"embeddable":true,"href":"https:\/\/albedidactis.com\/wordpress\/index.php\/wp-json\/wp\/v2\/media\/1477"}],"wp:attachment":[{"href":"https:\/\/albedidactis.com\/wordpress\/index.php\/wp-json\/wp\/v2\/media?parent=1476"}],"wp:term":[{"taxonomy":"product_brand","embeddable":true,"href":"https:\/\/albedidactis.com\/wordpress\/index.php\/wp-json\/wp\/v2\/product_brand?post=1476"},{"taxonomy":"product_cat","embeddable":true,"href":"https:\/\/albedidactis.com\/wordpress\/index.php\/wp-json\/wp\/v2\/product_cat?post=1476"},{"taxonomy":"product_tag","embeddable":true,"href":"https:\/\/albedidactis.com\/wordpress\/index.php\/wp-json\/wp\/v2\/product_tag?post=1476"}],"curies":[{"name":"wp","href":"https:\/\/api.w.org\/{rel}","templated":true}]}}