{"id":1457,"date":"2025-12-18T22:13:06","date_gmt":"2025-12-18T22:13:06","guid":{"rendered":"https:\/\/albedidactis.com\/wordpress\/?post_type=product&#038;p=1457"},"modified":"2025-12-18T22:13:06","modified_gmt":"2025-12-18T22:13:06","slug":"equilibrio","status":"publish","type":"product","link":"https:\/\/albedidactis.com\/wordpress\/index.php\/product\/equilibrio\/","title":{"rendered":"Equilibrio"},"content":{"rendered":"<p><img loading=\"lazy\" decoding=\"async\" class=\"alignleft wp-image-1044 size-thumbnail\" src=\"https:\/\/albedidactis.com\/wordpress\/wp-content\/uploads\/2025\/12\/logo-aprendo-jugando-150x150.png\" alt=\"\" width=\"150\" height=\"150\" srcset=\"https:\/\/albedidactis.com\/wordpress\/wp-content\/uploads\/2025\/12\/logo-aprendo-jugando-150x150.png 150w, https:\/\/albedidactis.com\/wordpress\/wp-content\/uploads\/2025\/12\/logo-aprendo-jugando-300x300.png 300w, https:\/\/albedidactis.com\/wordpress\/wp-content\/uploads\/2025\/12\/logo-aprendo-jugando-100x100.png 100w\" sizes=\"auto, (max-width: 150px) 100vw, 150px\" \/><span style=\"color: #ffffff;\">Juego de <strong data-start=\"9\" data-end=\"23\">equilibrio<\/strong> donde los ni\u00f1os deben pasar piezas por un camino dif\u00edcil, desarrollando la <strong data-start=\"99\" data-end=\"116\">concentraci\u00f3n<\/strong>, la <strong data-start=\"121\" data-end=\"137\">coordinaci\u00f3n<\/strong> y el control del balance<\/span>.<\/p>\n","protected":false},"excerpt":{"rendered":"<p>Juego de equilibrio donde los ni\u00f1os deben pasar piezas por un camino dif\u00edcil, desarrollando la concentraci\u00f3n, la coordinaci\u00f3n y el control del balance.<\/p>\n","protected":false},"featured_media":1462,"comment_status":"open","ping_status":"closed","template":"","meta":[],"product_brand":[],"product_cat":[15],"product_tag":[],"class_list":{"0":"post-1457","1":"product","2":"type-product","3":"status-publish","4":"has-post-thumbnail","6":"product_cat-juegos-de-aprendizaje","8":"first","9":"instock","10":"shipping-taxable","11":"product-type-simple"},"_links":{"self":[{"href":"https:\/\/albedidactis.com\/wordpress\/index.php\/wp-json\/wp\/v2\/product\/1457","targetHints":{"allow":["GET"]}}],"collection":[{"href":"https:\/\/albedidactis.com\/wordpress\/index.php\/wp-json\/wp\/v2\/product"}],"about":[{"href":"https:\/\/albedidactis.com\/wordpress\/index.php\/wp-json\/wp\/v2\/types\/product"}],"replies":[{"embeddable":true,"href":"https:\/\/albedidactis.com\/wordpress\/index.php\/wp-json\/wp\/v2\/comments?post=1457"}],"wp:featuredmedia":[{"embeddable":true,"href":"https:\/\/albedidactis.com\/wordpress\/index.php\/wp-json\/wp\/v2\/media\/1462"}],"wp:attachment":[{"href":"https:\/\/albedidactis.com\/wordpress\/index.php\/wp-json\/wp\/v2\/media?parent=1457"}],"wp:term":[{"taxonomy":"product_brand","embeddable":true,"href":"https:\/\/albedidactis.com\/wordpress\/index.php\/wp-json\/wp\/v2\/product_brand?post=1457"},{"taxonomy":"product_cat","embeddable":true,"href":"https:\/\/albedidactis.com\/wordpress\/index.php\/wp-json\/wp\/v2\/product_cat?post=1457"},{"taxonomy":"product_tag","embeddable":true,"href":"https:\/\/albedidactis.com\/wordpress\/index.php\/wp-json\/wp\/v2\/product_tag?post=1457"}],"curies":[{"name":"wp","href":"https:\/\/api.w.org\/{rel}","templated":true}]}}