{"id":1385,"date":"2025-12-17T01:53:14","date_gmt":"2025-12-17T01:53:14","guid":{"rendered":"https:\/\/albedidactis.com\/wordpress\/?post_type=product&#038;p=1385"},"modified":"2025-12-19T02:00:30","modified_gmt":"2025-12-19T02:00:30","slug":"loteria-tradicional-en-ingles","status":"publish","type":"product","link":"https:\/\/albedidactis.com\/wordpress\/index.php\/product\/loteria-tradicional-en-ingles\/","title":{"rendered":"Loter\u00eda tradicional en ingles"},"content":{"rendered":"<p><img loading=\"lazy\" decoding=\"async\" class=\"alignleft wp-image-1064 size-thumbnail\" src=\"https:\/\/albedidactis.com\/wordpress\/wp-content\/uploads\/2025\/12\/logo-aprendo-jugando-1-150x150.png\" alt=\"\" width=\"150\" height=\"150\" srcset=\"https:\/\/albedidactis.com\/wordpress\/wp-content\/uploads\/2025\/12\/logo-aprendo-jugando-1-150x150.png 150w, https:\/\/albedidactis.com\/wordpress\/wp-content\/uploads\/2025\/12\/logo-aprendo-jugando-1-300x300.png 300w, https:\/\/albedidactis.com\/wordpress\/wp-content\/uploads\/2025\/12\/logo-aprendo-jugando-1-100x100.png 100w\" sizes=\"auto, (max-width: 150px) 100vw, 150px\" \/><span style=\"color: #ffffff;\">Juego de loter\u00eda tradicional donde las cartas est\u00e1n en ingl\u00e9s, ayudando a los jugadores a mejorar el vocabulario, la memoria y el aprendizaje del idioma de una manera divertida.<\/span><\/p>\n","protected":false},"excerpt":{"rendered":"<p>Juego de loter\u00eda tradicional donde las cartas est\u00e1n en ingl\u00e9s, ayudando a los jugadores a mejorar el vocabulario, la memoria y el aprendizaje del idioma de una manera divertida.<\/p>\n","protected":false},"featured_media":1475,"comment_status":"open","ping_status":"closed","template":"","meta":[],"product_brand":[],"product_cat":[15],"product_tag":[],"class_list":{"0":"post-1385","1":"product","2":"type-product","3":"status-publish","4":"has-post-thumbnail","6":"product_cat-juegos-de-aprendizaje","8":"first","9":"instock","10":"shipping-taxable","11":"product-type-simple"},"_links":{"self":[{"href":"https:\/\/albedidactis.com\/wordpress\/index.php\/wp-json\/wp\/v2\/product\/1385","targetHints":{"allow":["GET"]}}],"collection":[{"href":"https:\/\/albedidactis.com\/wordpress\/index.php\/wp-json\/wp\/v2\/product"}],"about":[{"href":"https:\/\/albedidactis.com\/wordpress\/index.php\/wp-json\/wp\/v2\/types\/product"}],"replies":[{"embeddable":true,"href":"https:\/\/albedidactis.com\/wordpress\/index.php\/wp-json\/wp\/v2\/comments?post=1385"}],"wp:featuredmedia":[{"embeddable":true,"href":"https:\/\/albedidactis.com\/wordpress\/index.php\/wp-json\/wp\/v2\/media\/1475"}],"wp:attachment":[{"href":"https:\/\/albedidactis.com\/wordpress\/index.php\/wp-json\/wp\/v2\/media?parent=1385"}],"wp:term":[{"taxonomy":"product_brand","embeddable":true,"href":"https:\/\/albedidactis.com\/wordpress\/index.php\/wp-json\/wp\/v2\/product_brand?post=1385"},{"taxonomy":"product_cat","embeddable":true,"href":"https:\/\/albedidactis.com\/wordpress\/index.php\/wp-json\/wp\/v2\/product_cat?post=1385"},{"taxonomy":"product_tag","embeddable":true,"href":"https:\/\/albedidactis.com\/wordpress\/index.php\/wp-json\/wp\/v2\/product_tag?post=1385"}],"curies":[{"name":"wp","href":"https:\/\/api.w.org\/{rel}","templated":true}]}}