{"id":1333,"date":"2025-12-16T15:08:32","date_gmt":"2025-12-16T15:08:32","guid":{"rendered":"https:\/\/albedidactis.com\/wordpress\/?post_type=product&#038;p=1333"},"modified":"2026-01-13T22:00:21","modified_gmt":"2026-01-13T22:00:21","slug":"torre-de-tetris-ensarte-2","status":"publish","type":"product","link":"https:\/\/albedidactis.com\/wordpress\/index.php\/product\/torre-de-tetris-ensarte-2\/","title":{"rendered":"Torre de tetris ensarte"},"content":{"rendered":"<p><img loading=\"lazy\" decoding=\"async\" class=\"alignleft wp-image-1064 size-thumbnail\" src=\"https:\/\/albedidactis.com\/wordpress\/wp-content\/uploads\/2025\/12\/logo-aprendo-jugando-1-150x150.png\" alt=\"\" width=\"150\" height=\"150\" srcset=\"https:\/\/albedidactis.com\/wordpress\/wp-content\/uploads\/2025\/12\/logo-aprendo-jugando-1-150x150.png 150w, https:\/\/albedidactis.com\/wordpress\/wp-content\/uploads\/2025\/12\/logo-aprendo-jugando-1-300x300.png 300w, https:\/\/albedidactis.com\/wordpress\/wp-content\/uploads\/2025\/12\/logo-aprendo-jugando-1-100x100.png 100w\" sizes=\"auto, (max-width: 150px) 100vw, 150px\" \/><span style=\"color: #ffffff;\">Torre de Tetris que desaf\u00eda a <strong data-start=\"30\" data-end=\"48\">encajar piezas<\/strong>, fortaleciendo la <strong data-start=\"67\" data-end=\"83\">coordinaci\u00f3n<\/strong>, la <strong data-start=\"88\" data-end=\"105\">concentraci\u00f3n<\/strong> y el pensamiento l\u00f3gico.<\/span><\/p>\n","protected":false},"excerpt":{"rendered":"<p>Torre de Tetris que desaf\u00eda a encajar piezas, fortaleciendo la coordinaci\u00f3n, la concentraci\u00f3n y el pensamiento l\u00f3gico.<\/p>\n","protected":false},"featured_media":1334,"comment_status":"open","ping_status":"closed","template":"","meta":[],"product_brand":[],"product_cat":[15],"product_tag":[],"class_list":{"0":"post-1333","1":"product","2":"type-product","3":"status-publish","4":"has-post-thumbnail","6":"product_cat-juegos-de-aprendizaje","8":"first","9":"instock","10":"shipping-taxable","11":"product-type-simple"},"_links":{"self":[{"href":"https:\/\/albedidactis.com\/wordpress\/index.php\/wp-json\/wp\/v2\/product\/1333","targetHints":{"allow":["GET"]}}],"collection":[{"href":"https:\/\/albedidactis.com\/wordpress\/index.php\/wp-json\/wp\/v2\/product"}],"about":[{"href":"https:\/\/albedidactis.com\/wordpress\/index.php\/wp-json\/wp\/v2\/types\/product"}],"replies":[{"embeddable":true,"href":"https:\/\/albedidactis.com\/wordpress\/index.php\/wp-json\/wp\/v2\/comments?post=1333"}],"wp:featuredmedia":[{"embeddable":true,"href":"https:\/\/albedidactis.com\/wordpress\/index.php\/wp-json\/wp\/v2\/media\/1334"}],"wp:attachment":[{"href":"https:\/\/albedidactis.com\/wordpress\/index.php\/wp-json\/wp\/v2\/media?parent=1333"}],"wp:term":[{"taxonomy":"product_brand","embeddable":true,"href":"https:\/\/albedidactis.com\/wordpress\/index.php\/wp-json\/wp\/v2\/product_brand?post=1333"},{"taxonomy":"product_cat","embeddable":true,"href":"https:\/\/albedidactis.com\/wordpress\/index.php\/wp-json\/wp\/v2\/product_cat?post=1333"},{"taxonomy":"product_tag","embeddable":true,"href":"https:\/\/albedidactis.com\/wordpress\/index.php\/wp-json\/wp\/v2\/product_tag?post=1333"}],"curies":[{"name":"wp","href":"https:\/\/api.w.org\/{rel}","templated":true}]}}